{"id":23,"date":"2024-05-28T11:24:25","date_gmt":"2024-05-28T09:24:25","guid":{"rendered":"https:\/\/meusegrandsud.marnerecyclage.com\/?page_id=23"},"modified":"2024-06-28T15:57:13","modified_gmt":"2024-06-28T13:57:13","slug":"accueil","status":"publish","type":"page","link":"https:\/\/meusegrandsud.marnerecyclage.com\/","title":{"rendered":"Demande D\u00e9chetteries &#8211; Meuse Grand Sud"},"content":{"rendered":"<\/p>\n\n<div class=\"frm_forms  with_frm_style frm_style_style-formidable\" id=\"frm_form_1_container\" >\n<form enctype=\"multipart\/form-data\" method=\"post\" class=\"frm-show-form \" id=\"form_contact-form\" >\n<div class=\"frm_form_fields \">\n<fieldset>\n<legend class=\"frm_screen_reader\">D\u00e9chetteries Meuse Grand Sud<\/legend>\r\n\r\n<div class=\"frm_fields_container\">\n<input type=\"hidden\" name=\"frm_action\" value=\"create\" \/>\n<input type=\"hidden\" name=\"form_id\" value=\"1\" \/>\n<input type=\"hidden\" name=\"frm_hide_fields_1\" id=\"frm_hide_fields_1\" value=\"\" \/>\n<input type=\"hidden\" name=\"form_key\" value=\"contact-form\" \/>\n<input type=\"hidden\" name=\"item_meta[0]\" value=\"\" \/>\n<input type=\"hidden\" id=\"frm_submit_entry_1\" name=\"frm_submit_entry_1\" value=\"9137ca00f3\" \/><input type=\"hidden\" name=\"_wp_http_referer\" value=\"\/index.php?rest_route=%2Fwp%2Fv2%2Fpages%2F23\" \/><div id=\"frm_field_8_container\" class=\"frm_form_field form-field  frm_required_field frm_top_container frm12 frm_first\">\r\n\t<label for=\"field_7xfir\" id=\"field_7xfir_label\" class=\"frm_primary_label\">D\u00e9chetterie :\r\n\t\t<span class=\"frm_required\" aria-hidden=\"true\">*<\/span>\r\n\t<\/label>\r\n\t\t\t<select name=\"item_meta[8]\" id=\"field_7xfir\"  data-reqmsg=\"D\u00e9chetterie : ne peut pas \u00eatre vide.\" aria-required=\"true\" data-invmsg=\"D\u00e9chetterie : est non valide\" aria-invalid=\"false\"  >\n\t\t<option  value=\"\" selected='selected'> <\/option><option  value=\"Bar le Duc\">Bar le Duc<\/option><option  value=\"Ligny en Barrois\">Ligny en Barrois<\/option>\t<\/select>\n\t\r\n\t\r\n\t\r\n<\/div>\n<div id=\"frm_field_30_container\" class=\"frm_form_field form-field  frm_required_field frm_top_container\">\r\n\t<label for=\"field_dhonb\" id=\"field_dhonb_label\" class=\"frm_primary_label\">Demandeur :\r\n\t\t<span class=\"frm_required\" aria-hidden=\"true\">*<\/span>\r\n\t<\/label>\r\n\t<input type=\"text\" id=\"field_dhonb\" name=\"item_meta[30]\" value=\"\"  data-reqmsg=\"Demandeur : ne peut pas \u00eatre vide.\" aria-required=\"true\" data-invmsg=\"Demandeur : est non valide\" aria-invalid=\"false\"  \/>\r\n\t\r\n\t\r\n<\/div>\n<div id=\"frm_field_11_container\" class=\"frm_form_field  frm12 frm_first frm_html_container form-field\">\n<p style=\"text-align: center;\">\n<h3 style=\"text-align: center;\"><strong>Tout Venant Non Incin\u00e9rable PARTICULIERS<\/strong><\/h3>\n<\/p>\n<\/div>\n<div id=\"frm_field_12_container\" class=\"frm_form_field form-field  frm_top_container frm12 frm_first\">\r\n\t<label for=\"field_u2myp\" id=\"field_u2myp_label\" class=\"frm_primary_label\">Rotation Tout Venant Non Incin\u00e9rable PARTICULIERS :\r\n\t\t<span class=\"frm_required\" aria-hidden=\"true\"><\/span>\r\n\t<\/label>\r\n\t\t\t<select name=\"item_meta[12]\" id=\"field_u2myp\"  data-invmsg=\"Rotation Tout Venant Non Incin\u00e9rable PARTICULIERS : est non valide\" aria-invalid=\"false\"  >\n\t\t<option  value=\"\" selected='selected'> <\/option><option  value=\"1\">1<\/option><option  value=\"2\">2<\/option><option  value=\"3\">3<\/option>\t<\/select>\n\t\r\n\t\r\n\t\r\n<\/div>\n<div id=\"frm_field_13_container\" class=\"frm_form_field  frm_html_container form-field\">\n<p style=\"text-align: center;\">\n<h3 style=\"text-align: center;\"><strong>Tout Venant Incin\u00e9rable<\/strong><\/h3>\n<\/p>\n<\/div>\n<div id=\"frm_field_14_container\" class=\"frm_form_field form-field  frm_top_container\">\r\n\t<label for=\"field_tq9wt\" id=\"field_tq9wt_label\" class=\"frm_primary_label\">Rotation Tout Venant Incin\u00e9rable :\r\n\t\t<span class=\"frm_required\" aria-hidden=\"true\"><\/span>\r\n\t<\/label>\r\n\t\t\t<select name=\"item_meta[14]\" id=\"field_tq9wt\"  data-invmsg=\"Rotation Tout Venant Incin\u00e9rable : est non valide\" aria-invalid=\"false\"  >\n\t\t<option  value=\"\" selected='selected'> <\/option><option  value=\"1\">1<\/option><option  value=\"2\">2<\/option><option  value=\"3\">3<\/option>\t<\/select>\n\t\r\n\t\r\n\t\r\n<\/div>\n<div id=\"frm_field_23_container\" class=\"frm_form_field  frm12 frm_first frm_html_container form-field\">\n<p style=\"text-align: center;\">\n<h3 style=\"text-align: center;\"><strong>D\u00e9chets Verts PARTICULIERS<\/strong><\/h3>\n<\/p>\n<\/div>\n<div id=\"frm_field_18_container\" class=\"frm_form_field form-field  frm_top_container\">\r\n\t<label for=\"field_u5ue7\" id=\"field_u5ue7_label\" class=\"frm_primary_label\">Rotation D\u00e9chets Verts PARTICULIERS :\r\n\t\t<span class=\"frm_required\" aria-hidden=\"true\"><\/span>\r\n\t<\/label>\r\n\t\t\t<select name=\"item_meta[18]\" id=\"field_u5ue7\"  data-invmsg=\"Rotation D\u00e9chets Verts PARTICULIERS : est non valide\" aria-invalid=\"false\"  >\n\t\t<option  value=\"\" selected='selected'> <\/option><option  value=\"1\">1<\/option><option  value=\"2\">2<\/option><option  value=\"3\">3<\/option>\t<\/select>\n\t\r\n\t\r\n\t\r\n<\/div>\n<div id=\"frm_field_24_container\" class=\"frm_form_field  frm_html_container form-field\">\n<p style=\"text-align: center;\">\n<h3 style=\"text-align: center;\"><strong>Gravats PARTICULIERS <\/strong><\/h3>\n<\/p>\n<\/div>\n<div id=\"frm_field_20_container\" class=\"frm_form_field form-field  frm_top_container\">\r\n\t<label for=\"field_ico7f\" id=\"field_ico7f_label\" class=\"frm_primary_label\">Rotation Gravats PARTICULIERS :\r\n\t\t<span class=\"frm_required\" aria-hidden=\"true\"><\/span>\r\n\t<\/label>\r\n\t\t\t<select name=\"item_meta[20]\" id=\"field_ico7f\"  data-invmsg=\"Rotation Gravats PARTICULIERS : est non valide\" aria-invalid=\"false\"  >\n\t\t<option  value=\"\" selected='selected'> <\/option><option  value=\"1\">1<\/option><option  value=\"2\">2<\/option><option  value=\"3\">3<\/option>\t<\/select>\n\t\r\n\t\r\n\t\r\n<\/div>\n<div id=\"frm_field_25_container\" class=\"frm_form_field  frm_html_container form-field\">\n<p style=\"text-align: center;\">\n<h3 style=\"text-align: center;\"><strong>Carton<\/strong><\/h3>\n<\/p>\n<\/div>\n<div id=\"frm_field_22_container\" class=\"frm_form_field form-field  frm_top_container\">\r\n\t<label for=\"field_trhlq\" id=\"field_trhlq_label\" class=\"frm_primary_label\">Rotation Carton :\r\n\t\t<span class=\"frm_required\" aria-hidden=\"true\"><\/span>\r\n\t<\/label>\r\n\t\t\t<select name=\"item_meta[22]\" id=\"field_trhlq\"  data-invmsg=\"Rotation Carton : est non valide\" aria-invalid=\"false\"  >\n\t\t<option  value=\"\" selected='selected'> <\/option><option  value=\"1\">1<\/option><option  value=\"2\">2<\/option><option  value=\"3\">3<\/option>\t<\/select>\n\t\r\n\t\r\n\t\r\n<\/div>\n<div id=\"frm_field_26_container\" class=\"frm_form_field  frm_html_container form-field\">\n<p style=\"text-align: center;\">\n<h3 style=\"text-align: center;\"><strong>M\u00e9taux<\/strong><\/h3>\n<\/p>\n<\/div>\n<div id=\"frm_field_21_container\" class=\"frm_form_field form-field  frm_top_container\">\r\n\t<label for=\"field_ys1hb\" id=\"field_ys1hb_label\" class=\"frm_primary_label\">Rotation M\u00e9taux :\r\n\t\t<span class=\"frm_required\" aria-hidden=\"true\"><\/span>\r\n\t<\/label>\r\n\t\t\t<select name=\"item_meta[21]\" id=\"field_ys1hb\"  data-invmsg=\"Rotation M\u00e9taux : est non valide\" aria-invalid=\"false\"  >\n\t\t<option  value=\"\" selected='selected'> <\/option><option  value=\"1\">1<\/option><option  value=\"2\">2<\/option><option  value=\"3\">3<\/option>\t<\/select>\n\t\r\n\t\r\n\t\r\n<\/div>\n<div id=\"frm_field_65_container\" class=\"frm_form_field  frm12 frm_first frm_html_container form-field\">\n<p style=\"text-align: center;\">\n<h3 style=\"text-align: center;\"><strong>BENNES SUPPL\u00c9MENTAIRES LIGNY EN BARROIS<\/strong><\/h3>\n<\/p>\n<\/div>\n<div id=\"frm_field_67_container\" class=\"frm_form_field  frm12 frm_first frm_html_container form-field\">\n<p style=\"text-align: center;\">\n<h3 style=\"text-align: center;\"><strong>BOIS PALETTE LIGNY EN BARROIS<\/strong><\/h3>\n<\/p>\n<\/div>\n<div id=\"frm_field_66_container\" class=\"frm_form_field form-field  frm_top_container frm12 frm_first\">\r\n\t<label for=\"field_vorjk\" id=\"field_vorjk_label\" class=\"frm_primary_label\">Rotation Benne Bois Palettes Ligny en Barrois :\r\n\t\t<span class=\"frm_required\" aria-hidden=\"true\"><\/span>\r\n\t<\/label>\r\n\t\t\t<select name=\"item_meta[66]\" id=\"field_vorjk\"  data-invmsg=\"Rotation Benne Bois Palettes Ligny en Barrois : est non valide\" aria-invalid=\"false\"  >\n\t\t<option  value=\"\" selected='selected'> <\/option><option  value=\"1\">1<\/option><option  value=\"2\">2<\/option><option  value=\"3\">3<\/option>\t<\/select>\n\t\r\n\t\r\n\t\r\n<\/div>\n<div id=\"frm_field_49_container\" class=\"frm_form_field  frm12 frm_first frm_html_container form-field\">\n<p style=\"text-align: center;\">\n<h3 style=\"text-align: center;\"><strong>BENNES SUPPL\u00c9MENTAIRES BAR LE DUC<\/strong><\/h3>\n<\/p>\n<\/div>\n<div id=\"frm_field_51_container\" class=\"frm_form_field  frm12 frm_first frm_html_container form-field\">\n<p style=\"text-align: center;\">\n<h3 style=\"text-align: center;\"><strong>Tout Venant Non Incin\u00e9rable PROS<\/strong><\/h3>\n<\/p>\n<\/div>\n<div id=\"frm_field_48_container\" class=\"frm_form_field form-field  frm_top_container frm12 frm_first\">\r\n\t<label for=\"field_ipf3o\" id=\"field_ipf3o_label\" class=\"frm_primary_label\">Rotation Tout Venant Non Incin\u00e9rable PROS :\r\n\t\t<span class=\"frm_required\" aria-hidden=\"true\"><\/span>\r\n\t<\/label>\r\n\t\t\t<select name=\"item_meta[48]\" id=\"field_ipf3o\"  data-invmsg=\"Rotation Tout Venant Non Incin\u00e9rable PROS : est non valide\" aria-invalid=\"false\"  >\n\t\t<option  value=\"\" selected='selected'> <\/option><option  value=\"1\">1<\/option><option  value=\"2\">2<\/option><option  value=\"3\">3<\/option>\t<\/select>\n\t\r\n\t\r\n\t\r\n<\/div>\n<div id=\"frm_field_52_container\" class=\"frm_form_field  frm12 frm_first frm_html_container form-field\">\n<p style=\"text-align: center;\">\n<h3 style=\"text-align: center;\"><strong>Dechets Verts PROS<\/strong><\/h3>\n<\/p>\n<\/div>\n<div id=\"frm_field_54_container\" class=\"frm_form_field form-field  frm_top_container frm12 frm_first\">\r\n\t<label for=\"field_tvhef\" id=\"field_tvhef_label\" class=\"frm_primary_label\">Rotation D\u00e9chets Verts PROS :\r\n\t\t<span class=\"frm_required\" aria-hidden=\"true\"><\/span>\r\n\t<\/label>\r\n\t\t\t<select name=\"item_meta[54]\" id=\"field_tvhef\"  data-invmsg=\"Rotation D\u00e9chets Verts PROS : est non valide\" aria-invalid=\"false\"  >\n\t\t<option  value=\"\" selected='selected'> <\/option><option  value=\"1\">1<\/option><option  value=\"2\">2<\/option><option  value=\"3\">3<\/option>\t<\/select>\n\t\r\n\t\r\n\t\r\n<\/div>\n<div id=\"frm_field_53_container\" class=\"frm_form_field  frm12 frm_first frm_html_container form-field\">\n<p style=\"text-align: center;\">\n<h3 style=\"text-align: center;\"><strong>GRAVATS PROS<\/strong><\/h3>\n<\/p>\n<\/div>\n<div id=\"frm_field_55_container\" class=\"frm_form_field form-field  frm_top_container frm12 frm_first\">\r\n\t<label for=\"field_gggtd\" id=\"field_gggtd_label\" class=\"frm_primary_label\">Rotation Gravats PROS :\r\n\t\t<span class=\"frm_required\" aria-hidden=\"true\"><\/span>\r\n\t<\/label>\r\n\t\t\t<select name=\"item_meta[55]\" id=\"field_gggtd\"  data-invmsg=\"Rotation Gravats PROS : est non valide\" aria-invalid=\"false\"  >\n\t\t<option  value=\"\" selected='selected'> <\/option><option  value=\"1\">1<\/option><option  value=\"2\">2<\/option><option  value=\"3\">3<\/option>\t<\/select>\n\t\r\n\t\r\n\t\r\n<\/div>\n<div id=\"frm_field_56_container\" class=\"frm_form_field  frm12 frm_first frm_html_container form-field\">\n<p style=\"text-align: center;\">\n<h3 style=\"text-align: center;\"><strong>BOIS PALETTE PROS<\/strong><\/h3>\n<\/p>\n<\/div>\n<div id=\"frm_field_57_container\" class=\"frm_form_field form-field  frm_top_container frm12 frm_first\">\r\n\t<label for=\"field_btmja\" id=\"field_btmja_label\" class=\"frm_primary_label\">Rotation Benne Bois Palettes Professionels :\r\n\t\t<span class=\"frm_required\" aria-hidden=\"true\"><\/span>\r\n\t<\/label>\r\n\t\t\t<select name=\"item_meta[57]\" id=\"field_btmja\"  data-invmsg=\"Rotation Benne Bois Palettes Professionels : est non valide\" aria-invalid=\"false\"  >\n\t\t<option  value=\"\" selected='selected'> <\/option><option  value=\"1\">1<\/option><option  value=\"2\">2<\/option><option  value=\"3\">3<\/option>\t<\/select>\n\t\r\n\t\r\n\t\r\n<\/div>\n<div id=\"frm_field_58_container\" class=\"frm_form_field  frm12 frm_first frm_html_container form-field\">\n<p style=\"text-align: center;\">\n<h3 style=\"text-align: center;\"><strong>BOIS PALETTE PARTICULIERS<\/strong><\/h3>\n<\/p>\n<\/div>\n<div id=\"frm_field_59_container\" class=\"frm_form_field form-field  frm_top_container frm12 frm_first\">\r\n\t<label for=\"field_21ara\" id=\"field_21ara_label\" class=\"frm_primary_label\">Rotation Benne Bois Palettes Particuliers:\r\n\t\t<span class=\"frm_required\" aria-hidden=\"true\"><\/span>\r\n\t<\/label>\r\n\t\t\t<select name=\"item_meta[59]\" id=\"field_21ara\"  data-invmsg=\"Rotation Benne Bois Palettes Particuliers: est non valide\" aria-invalid=\"false\"  >\n\t\t<option  value=\"\" selected='selected'> <\/option><option  value=\"1\">1<\/option><option  value=\"2\">2<\/option><option  value=\"3\">3<\/option>\t<\/select>\n\t\r\n\t\r\n\t\r\n<\/div>\n<div id=\"frm_field_61_container\" class=\"frm_form_field  frm12 frm_first frm_html_container form-field\">\n<p style=\"text-align: center;\">\n<h3 style=\"text-align: center;\"><strong>Pneus usag\u00e9s conformes \u00e0 la fili\u00e8re REP ALIAPUR <\/strong><\/h3>\n<\/p>\n<\/div>\n<div id=\"frm_field_62_container\" class=\"frm_form_field form-field  frm_top_container frm12 frm_first\">\r\n\t<label for=\"field_65h9h\" id=\"field_65h9h_label\" class=\"frm_primary_label\">Rotation Pneus usag\u00e9s conformes \u00e0 la fili\u00e8re REP ALIAPUR \r\n\t\t<span class=\"frm_required\" aria-hidden=\"true\"><\/span>\r\n\t<\/label>\r\n\t\t\t<select name=\"item_meta[62]\" id=\"field_65h9h\"  data-invmsg=\"Rotation Pneus usag\u00e9s conformes \u00e0 la fili\u00e8re REP ALIAPUR  est non valide\" aria-invalid=\"false\"  >\n\t\t<option  value=\"\" selected='selected'> <\/option><option  value=\"1\">1<\/option><option  value=\"2\">2<\/option><option  value=\"3\">3<\/option>\t<\/select>\n\t\r\n\t\r\n\t\r\n<\/div>\n<div id=\"frm_field_63_container\" class=\"frm_form_field  frm12 frm_first frm_html_container form-field\">\n<p style=\"text-align: center;\">\n<h3 style=\"text-align: center;\"><strong>Pneus tous types en m\u00e9lange et hors fili\u00e8re <\/strong><\/h3>\n<\/p>\n<\/div>\n<div id=\"frm_field_64_container\" class=\"frm_form_field form-field  frm_top_container frm12 frm_first\">\r\n\t<label for=\"field_68x48\" id=\"field_68x48_label\" class=\"frm_primary_label\">Rotation Pneus tous types en m\u00e9lange et hors fili\u00e8re \r\n\t\t<span class=\"frm_required\" aria-hidden=\"true\"><\/span>\r\n\t<\/label>\r\n\t\t\t<select name=\"item_meta[64]\" id=\"field_68x48\"  data-invmsg=\"Rotation Pneus tous types en m\u00e9lange et hors fili\u00e8re  est non valide\" aria-invalid=\"false\"  >\n\t\t<option  value=\"\" selected='selected'> <\/option><option  value=\"1\">1<\/option><option  value=\"2\">2<\/option><option  value=\"3\">3<\/option>\t<\/select>\n\t\r\n\t\r\n\t\r\n<\/div>\n<div id=\"frm_field_27_container\" class=\"frm_form_field  frm_html_container form-field\">\n<p style=\"text-align: center;\">\n<h3 style=\"text-align: center;\"><strong>Informations suppl\u00e9mentaires<\/strong><\/h3>\n<\/p>\n<\/div>\n<div id=\"frm_field_28_container\" class=\"frm_form_field form-field  frm_top_container\">\r\n\t<label for=\"field_igiep\" id=\"field_igiep_label\" class=\"frm_primary_label\">Informations compl\u00e9mentaires :\r\n\t\t<span class=\"frm_required\" aria-hidden=\"true\"><\/span>\r\n\t<\/label>\r\n\t<textarea name=\"item_meta[28]\" id=\"field_igiep\" rows=\"5\"  data-invmsg=\"Informations compl\u00e9mentaires : est non valide\" aria-invalid=\"false\"  ><\/textarea>\r\n\t\r\n\t\r\n<\/div>\n<div id=\"frm_field_6_container\" class=\"frm_form_field form-field \">\r\n\t<div class=\"frm_submit frm_flex\">\r\n<button class=\"frm_button_submit\" type=\"submit\"  >Envoyer<\/button>\r\n\r\n\r\n\r\n<\/div>\r\n<\/div>\n\t<input type=\"hidden\" name=\"item_key\" value=\"\" \/>\n\t\t\t\t<div class=\"frm__667eb85250b86\">\n\t\t\t\t<label for=\"frm_email_1\" >\n\t\t\t\t\tSi vous \u00eates un humain, ne remplissez pas ce champ.\t\t\t\t<\/label>\n\t\t\t\t<input  id=\"frm_email_1\" type=\"text\" class=\"frm_verify\" name=\"frm__667eb85250b86\" value=\"\" autocomplete=\"off\"  \/>\n\t\t\t<\/div>\n\t\t<\/div>\n<\/fieldset>\n<\/div>\n\n<p style=\"display: none !important;\" class=\"akismet-fields-container\" data-prefix=\"ak_\"><label>&#916;<textarea name=\"ak_hp_textarea\" cols=\"45\" rows=\"8\" maxlength=\"100\"><\/textarea><\/label><input type=\"hidden\" id=\"ak_js_1\" name=\"ak_js\" value=\"203\"\/><script>document.getElementById( \"ak_js_1\" ).setAttribute( \"value\", ( new Date() ).getTime() );<\/script><\/p><\/form>\n<\/div>\n","protected":false},"excerpt":{"rendered":"","protected":false},"author":1,"featured_media":0,"parent":0,"menu_order":0,"comment_status":"closed","ping_status":"closed","template":"sidebar-page.php","meta":{"footnotes":""},"class_list":["post-23","page","type-page","status-publish","hentry"],"_links":{"self":[{"href":"https:\/\/meusegrandsud.marnerecyclage.com\/index.php?rest_route=\/wp\/v2\/pages\/23","targetHints":{"allow":["GET"]}}],"collection":[{"href":"https:\/\/meusegrandsud.marnerecyclage.com\/index.php?rest_route=\/wp\/v2\/pages"}],"about":[{"href":"https:\/\/meusegrandsud.marnerecyclage.com\/index.php?rest_route=\/wp\/v2\/types\/page"}],"author":[{"embeddable":true,"href":"https:\/\/meusegrandsud.marnerecyclage.com\/index.php?rest_route=\/wp\/v2\/users\/1"}],"replies":[{"embeddable":true,"href":"https:\/\/meusegrandsud.marnerecyclage.com\/index.php?rest_route=%2Fwp%2Fv2%2Fcomments&post=23"}],"version-history":[{"count":8,"href":"https:\/\/meusegrandsud.marnerecyclage.com\/index.php?rest_route=\/wp\/v2\/pages\/23\/revisions"}],"predecessor-version":[{"id":70,"href":"https:\/\/meusegrandsud.marnerecyclage.com\/index.php?rest_route=\/wp\/v2\/pages\/23\/revisions\/70"}],"wp:attachment":[{"href":"https:\/\/meusegrandsud.marnerecyclage.com\/index.php?rest_route=%2Fwp%2Fv2%2Fmedia&parent=23"}],"curies":[{"name":"wp","href":"https:\/\/api.w.org\/{rel}","templated":true}]}}